{"id":7,"date":"2018-06-13T10:26:56","date_gmt":"2018-06-13T10:26:56","guid":{"rendered":"http:\/\/bridge248.qodeinteractive.com\/?page_id=7"},"modified":"2022-09-07T22:27:23","modified_gmt":"2022-09-07T22:27:23","slug":"home","status":"publish","type":"page","link":"https:\/\/chocolatesampola.com.ar\/index.php\/home\/","title":{"rendered":"Home"},"content":{"rendered":"<p>[vc_row css_animation=&#8221;&#8221; row_type=&#8221;row&#8221; use_row_as_full_screen_section=&#8221;no&#8221; type=&#8221;grid&#8221; angled_section=&#8221;no&#8221; text_align=&#8221;left&#8221; background_image_as_pattern=&#8221;without_pattern&#8221; padding_top=&#8221;88&#8243; padding_bottom=&#8221;70&#8243; z_index=&#8221;&#8221;][vc_column][vc_row_inner row_type=&#8221;row&#8221; type=&#8221;full_width&#8221; text_align=&#8221;center&#8221; css_animation=&#8221;&#8221;][vc_column_inner offset=&#8221;vc_col-lg-6 vc_col-md-6&#8243;][qode_elements_holder number_of_columns=&#8221;one_column&#8221;][qode_elements_holder_item item_padding=&#8221;0 0 0 0&#8243; advanced_animations=&#8221;no&#8221; item_padding_768_1024=&#8221;50px 0 0 0&#8243;][vc_single_image image=&#8221;336&#8243; img_size=&#8221;full&#8221; alignment=&#8221;center&#8221; qode_css_animation=&#8221;&#8221;][\/qode_elements_holder_item][\/qode_elements_holder][\/vc_column_inner][vc_column_inner offset=&#8221;vc_col-lg-6 vc_col-md-6&#8243;][qode_elements_holder number_of_columns=&#8221;one_column&#8221;][qode_elements_holder_item item_padding=&#8221;47px 0 0 0&#8243; advanced_animations=&#8221;no&#8221;][vc_column_text]<\/p>\n<h1><strong><em>M\u00e1s de 25 a\u00f1os<\/em><\/strong><br \/>\nde calidad.<\/h1>\n<p>[\/vc_column_text][vc_empty_space height=&#8221;20px&#8221;][vc_column_text]<\/p>\n<p style=\"text-align: center;\">Somos una empresa que naci\u00f3 en el a\u00f1o 1993 en Necochea, Buenos Aires, donde se encuentra nuestra f\u00e1brica. Nos dedicamos desde entonces a la elaboraci\u00f3n de productos de chocolate en forma totalmente artesanal.<\/p>\n<p style=\"text-align: center;\">De textura suave, sabor intenso, sutilmente perfumado y agradable a la vista, nuestro CHOCOLATE es el principal protagonista de un proceso elaborador en el que intervienen ingredientes naturales, sin conservantes, grasas, ni colorantes artificiales.<\/p>\n<p style=\"text-align: center;\"><span class=\"Apple-converted-space\">\u00a0<\/span><\/p>\n<p>[\/vc_column_text]<a  itemprop=\"url\" href=\"http:\/\/chocolatesampola.com.ar\/index.php\/fabrica\/\" target=\"_self\" data-hover-background-color=#250804  class=\"qbutton  medium white default\" style=\"color: #dd3333; border-color: #dd3333; \">F\u00e1brica<\/a>[vc_empty_space height=&#8221;40px&#8221;][\/qode_elements_holder_item][\/qode_elements_holder][\/vc_column_inner][\/vc_row_inner][\/vc_column][\/vc_row][vc_row css_animation=&#8221;&#8221; row_type=&#8221;row&#8221; use_row_as_full_screen_section=&#8221;no&#8221; type=&#8221;grid&#8221; angled_section=&#8221;no&#8221; text_align=&#8221;center&#8221; background_image=&#8221;360&#8243; background_image_as_pattern=&#8221;without_pattern&#8221; padding_bottom=&#8221;50&#8243; z_index=&#8221;&#8221;][vc_column][vc_empty_space height=&#8221;120px&#8221;][vc_column_text]<\/p>\n<h2><span style=\"color: #ffffff;\"><strong><em>Hemos querido situar el chocolate donde consideramos su verdadero lugar: <\/em><\/strong>entre la sensualidad, la nostalgia, la emoci\u00f3n y puro deseo.<\/span><\/h2>\n<p>[\/vc_column_text][vc_empty_space height=&#8221;120px&#8221;][\/vc_column][\/vc_row][vc_row css_animation=&#8221;&#8221; row_type=&#8221;row&#8221; use_row_as_full_screen_section=&#8221;no&#8221; type=&#8221;grid&#8221; anchor=&#8221;productos&#8221; angled_section=&#8221;no&#8221; text_align=&#8221;left&#8221; background_image_as_pattern=&#8221;without_pattern&#8221; background_color=&#8221;#c42323&#8243; padding_top=&#8221;50&#8243; padding_bottom=&#8221;60&#8243; z_index=&#8221;&#8221;][vc_column][vc_row_inner row_type=&#8221;row&#8221; type=&#8221;full_width&#8221; text_align=&#8221;center&#8221; css_animation=&#8221;&#8221;][vc_column_inner offset=&#8221;vc_col-lg-6 vc_col-md-6&#8243;][qode_elements_holder number_of_columns=&#8221;one_column&#8221;][qode_elements_holder_item item_padding=&#8221;67px 0 0 0&#8243; advanced_animations=&#8221;no&#8221;][vc_column_text]<\/p>\n<h1><span style=\"color: #ffffff;\"><strong><em>Nuestro<\/em><\/strong><\/span><br \/>\n<span style=\"color: #ffffff;\">Chocolate.<\/span><\/h1>\n<p>[\/vc_column_text][vc_empty_space height=&#8221;20px&#8221;][vc_column_text]<span style=\"color: #ffffff;\">En nuestras recetas utilizamos chocolate obtenido a partir de granos de cacao de primera calidad, procedente de pa\u00edses cultivadores de cacao fino. Seleccionamos cuidadosamente las materias primas que lo acompa\u00f1an, efectuamos un riguroso control de calidad para finalmente lograr un producto reconocido por los m\u00e1s exigentes consumidores.<\/span>[\/vc_column_text][vc_empty_space height=&#8221;40px&#8221;]<a  itemprop=\"url\" href=\"http:\/\/chocolatesampola.com.ar\/index.php\/productos\/\" target=\"_self\" data-hover-background-color=#250804  class=\"qbutton  medium white default\" style=\"color: #ffffff; border-color: #ffffff; \">Productos<\/a>[\/qode_elements_holder_item][\/qode_elements_holder][\/vc_column_inner][vc_column_inner offset=&#8221;vc_col-lg-6 vc_col-md-6&#8243;][qode_elements_holder number_of_columns=&#8221;one_column&#8221;][qode_elements_holder_item item_padding=&#8221;0 0 0 0&#8243; advanced_animations=&#8221;no&#8221; item_padding_768_1024=&#8221;50px 0 0 0&#8243;][vc_single_image image=&#8221;361&#8243; img_size=&#8221;full&#8221; alignment=&#8221;center&#8221; qode_css_animation=&#8221;&#8221;][\/qode_elements_holder_item][\/qode_elements_holder][\/vc_column_inner][\/vc_row_inner][\/vc_column][\/vc_row][vc_row css_animation=&#8221;&#8221; row_type=&#8221;row&#8221; use_row_as_full_screen_section=&#8221;no&#8221; type=&#8221;full_width&#8221; angled_section=&#8221;no&#8221; text_align=&#8221;center&#8221; background_image_as_pattern=&#8221;without_pattern&#8221; padding_top=&#8221;0&#8243; z_index=&#8221;&#8221;][vc_column]<div class=\"qode-advanced-image-gallery  qode-aig-grid-type qode-no-space   \">\n\t<div class=\"qode-aig-inner qode-outer-space qode-aig-grid qode-aig-six-columns\">\n\t\t\t\t\t<div class=\"qode-aig-image qode-item-space\">\n\t\t\t\t<div class=\"qode-aig-image-inner\">\n\t\t\t\t\t\t\t\t\t\t\t<img width=\"800\" height=\"800\" src=\"https:\/\/chocolatesampola.com.ar\/wp-content\/uploads\/2018\/12\/mosaico_1.jpg\" class=\"attachment-full size-full\" alt=\"\" loading=\"lazy\" srcset=\"https:\/\/chocolatesampola.com.ar\/wp-content\/uploads\/2018\/12\/mosaico_1.jpg 800w, https:\/\/chocolatesampola.com.ar\/wp-content\/uploads\/2018\/12\/mosaico_1-150x150.jpg 150w, https:\/\/chocolatesampola.com.ar\/wp-content\/uploads\/2018\/12\/mosaico_1-300x300.jpg 300w, https:\/\/chocolatesampola.com.ar\/wp-content\/uploads\/2018\/12\/mosaico_1-768x768.jpg 768w, https:\/\/chocolatesampola.com.ar\/wp-content\/uploads\/2018\/12\/mosaico_1-570x570.jpg 570w, https:\/\/chocolatesampola.com.ar\/wp-content\/uploads\/2018\/12\/mosaico_1-500x500.jpg 500w, https:\/\/chocolatesampola.com.ar\/wp-content\/uploads\/2018\/12\/mosaico_1-700x700.jpg 700w\" sizes=\"(max-width: 800px) 100vw, 800px\" \/>\t\t\t\t\t\t<span class=\"aig-gallery-hover\">\n\t\t\t\t\t\t\t\t\t\t\t\t\t<\/span>\n\t\t\t\t\t\t\t\t\t<\/div>\n\t\t\t<\/div>\n\t\t\t\t\t<div class=\"qode-aig-image qode-item-space\">\n\t\t\t\t<div class=\"qode-aig-image-inner\">\n\t\t\t\t\t\t\t\t\t\t\t<img width=\"900\" height=\"900\" src=\"https:\/\/chocolatesampola.com.ar\/wp-content\/uploads\/2018\/12\/mosaico_7.jpg\" class=\"attachment-full size-full\" alt=\"\" loading=\"lazy\" srcset=\"https:\/\/chocolatesampola.com.ar\/wp-content\/uploads\/2018\/12\/mosaico_7.jpg 900w, https:\/\/chocolatesampola.com.ar\/wp-content\/uploads\/2018\/12\/mosaico_7-150x150.jpg 150w, https:\/\/chocolatesampola.com.ar\/wp-content\/uploads\/2018\/12\/mosaico_7-300x300.jpg 300w, https:\/\/chocolatesampola.com.ar\/wp-content\/uploads\/2018\/12\/mosaico_7-768x768.jpg 768w, https:\/\/chocolatesampola.com.ar\/wp-content\/uploads\/2018\/12\/mosaico_7-570x570.jpg 570w, https:\/\/chocolatesampola.com.ar\/wp-content\/uploads\/2018\/12\/mosaico_7-500x500.jpg 500w, https:\/\/chocolatesampola.com.ar\/wp-content\/uploads\/2018\/12\/mosaico_7-700x700.jpg 700w\" sizes=\"(max-width: 900px) 100vw, 900px\" \/>\t\t\t\t\t\t<span class=\"aig-gallery-hover\">\n\t\t\t\t\t\t\t\t\t\t\t\t\t<\/span>\n\t\t\t\t\t\t\t\t\t<\/div>\n\t\t\t<\/div>\n\t\t\t\t\t<div class=\"qode-aig-image qode-item-space\">\n\t\t\t\t<div class=\"qode-aig-image-inner\">\n\t\t\t\t\t\t\t\t\t\t\t<img width=\"900\" height=\"900\" src=\"https:\/\/chocolatesampola.com.ar\/wp-content\/uploads\/2018\/12\/mosaico_56.jpg\" class=\"attachment-full size-full\" alt=\"\" loading=\"lazy\" srcset=\"https:\/\/chocolatesampola.com.ar\/wp-content\/uploads\/2018\/12\/mosaico_56.jpg 900w, https:\/\/chocolatesampola.com.ar\/wp-content\/uploads\/2018\/12\/mosaico_56-150x150.jpg 150w, https:\/\/chocolatesampola.com.ar\/wp-content\/uploads\/2018\/12\/mosaico_56-300x300.jpg 300w, https:\/\/chocolatesampola.com.ar\/wp-content\/uploads\/2018\/12\/mosaico_56-768x768.jpg 768w, https:\/\/chocolatesampola.com.ar\/wp-content\/uploads\/2018\/12\/mosaico_56-570x570.jpg 570w, https:\/\/chocolatesampola.com.ar\/wp-content\/uploads\/2018\/12\/mosaico_56-500x500.jpg 500w, https:\/\/chocolatesampola.com.ar\/wp-content\/uploads\/2018\/12\/mosaico_56-700x700.jpg 700w\" sizes=\"(max-width: 900px) 100vw, 900px\" \/>\t\t\t\t\t\t<span class=\"aig-gallery-hover\">\n\t\t\t\t\t\t\t\t\t\t\t\t\t<\/span>\n\t\t\t\t\t\t\t\t\t<\/div>\n\t\t\t<\/div>\n\t\t\t\t\t<div class=\"qode-aig-image qode-item-space\">\n\t\t\t\t<div class=\"qode-aig-image-inner\">\n\t\t\t\t\t\t\t\t\t\t\t<img width=\"900\" height=\"900\" src=\"https:\/\/chocolatesampola.com.ar\/wp-content\/uploads\/2018\/12\/mosaico_6.jpg\" class=\"attachment-full size-full\" alt=\"\" loading=\"lazy\" srcset=\"https:\/\/chocolatesampola.com.ar\/wp-content\/uploads\/2018\/12\/mosaico_6.jpg 900w, https:\/\/chocolatesampola.com.ar\/wp-content\/uploads\/2018\/12\/mosaico_6-150x150.jpg 150w, https:\/\/chocolatesampola.com.ar\/wp-content\/uploads\/2018\/12\/mosaico_6-300x300.jpg 300w, https:\/\/chocolatesampola.com.ar\/wp-content\/uploads\/2018\/12\/mosaico_6-768x768.jpg 768w, https:\/\/chocolatesampola.com.ar\/wp-content\/uploads\/2018\/12\/mosaico_6-570x570.jpg 570w, https:\/\/chocolatesampola.com.ar\/wp-content\/uploads\/2018\/12\/mosaico_6-500x500.jpg 500w, https:\/\/chocolatesampola.com.ar\/wp-content\/uploads\/2018\/12\/mosaico_6-700x700.jpg 700w\" sizes=\"(max-width: 900px) 100vw, 900px\" \/>\t\t\t\t\t\t<span class=\"aig-gallery-hover\">\n\t\t\t\t\t\t\t\t\t\t\t\t\t<\/span>\n\t\t\t\t\t\t\t\t\t<\/div>\n\t\t\t<\/div>\n\t\t\t\t\t<div class=\"qode-aig-image qode-item-space\">\n\t\t\t\t<div class=\"qode-aig-image-inner\">\n\t\t\t\t\t\t\t\t\t\t\t<img width=\"900\" height=\"900\" src=\"https:\/\/chocolatesampola.com.ar\/wp-content\/uploads\/2018\/12\/mosaico_5.jpg\" class=\"attachment-full size-full\" alt=\"\" loading=\"lazy\" srcset=\"https:\/\/chocolatesampola.com.ar\/wp-content\/uploads\/2018\/12\/mosaico_5.jpg 900w, https:\/\/chocolatesampola.com.ar\/wp-content\/uploads\/2018\/12\/mosaico_5-150x150.jpg 150w, https:\/\/chocolatesampola.com.ar\/wp-content\/uploads\/2018\/12\/mosaico_5-300x300.jpg 300w, https:\/\/chocolatesampola.com.ar\/wp-content\/uploads\/2018\/12\/mosaico_5-768x768.jpg 768w, https:\/\/chocolatesampola.com.ar\/wp-content\/uploads\/2018\/12\/mosaico_5-570x570.jpg 570w, https:\/\/chocolatesampola.com.ar\/wp-content\/uploads\/2018\/12\/mosaico_5-500x500.jpg 500w, https:\/\/chocolatesampola.com.ar\/wp-content\/uploads\/2018\/12\/mosaico_5-700x700.jpg 700w\" sizes=\"(max-width: 900px) 100vw, 900px\" \/>\t\t\t\t\t\t<span class=\"aig-gallery-hover\">\n\t\t\t\t\t\t\t\t\t\t\t\t\t<\/span>\n\t\t\t\t\t\t\t\t\t<\/div>\n\t\t\t<\/div>\n\t\t\t<\/div>\n<\/div>[\/vc_column][\/vc_row][vc_row css_animation=&#8221;&#8221; row_type=&#8221;row&#8221; use_row_as_full_screen_section=&#8221;no&#8221; type=&#8221;grid&#8221; angled_section=&#8221;no&#8221; text_align=&#8221;left&#8221; background_image_as_pattern=&#8221;without_pattern&#8221; background_color=&#8221;#ebe4d2&#8243; padding_top=&#8221;88&#8243; padding_bottom=&#8221;70&#8243; z_index=&#8221;&#8221;][vc_column][vc_row_inner row_type=&#8221;row&#8221; type=&#8221;full_width&#8221; text_align=&#8221;center&#8221; css_animation=&#8221;&#8221;][vc_column_inner offset=&#8221;vc_col-lg-6 vc_col-md-6&#8243;][qode_elements_holder number_of_columns=&#8221;one_column&#8221;][qode_elements_holder_item item_padding=&#8221;0 0 0 0&#8243; advanced_animations=&#8221;no&#8221; item_padding_768_1024=&#8221;50px 0 0 0&#8243;][vc_single_image image=&#8221;231&#8243; img_size=&#8221;full&#8221; alignment=&#8221;center&#8221; qode_css_animation=&#8221;&#8221;][\/qode_elements_holder_item][\/qode_elements_holder][\/vc_column_inner][vc_column_inner offset=&#8221;vc_col-lg-6 vc_col-md-6&#8243;][qode_elements_holder number_of_columns=&#8221;one_column&#8221;][qode_elements_holder_item item_padding=&#8221;47px 0 0 0&#8243; advanced_animations=&#8221;no&#8221;][vc_column_text]<\/p>\n<h1><strong><em>Delicados<\/em><\/strong><br \/>\nPlaceres<\/h1>\n<p>[\/vc_column_text][vc_empty_space height=&#8221;20px&#8221;][vc_column_text]<\/p>\n<p style=\"text-align: center;\">A nuestro trabajo le da sentido el objetivo que perseguimos diariamente desde hace 25 a\u00f1os: la satisfacci\u00f3n de nuestros clientes, que es el mayor logro de quienes integramos \u00c1mpola.<\/p>\n<p style=\"text-align: center;\">Luego de probarlo, d\u00e9jese llevar por este peculiar tesoro grastron\u00f3mico y res\u00e9rvelo para El tiempo de los delicados Placeres&#8230;<\/p>\n<p>[\/vc_column_text][vc_empty_space height=&#8221;40px&#8221;][\/qode_elements_holder_item][\/qode_elements_holder][\/vc_column_inner][\/vc_row_inner][\/vc_column][\/vc_row][vc_row row_type=&#8221;parallax&#8221; parallax_content_width=&#8221;full_width&#8221; text_align=&#8221;left&#8221; background_image=&#8221;306&#8243; full_screen_section_height=&#8221;no&#8221; css=&#8221;.vc_custom_1544730860580{padding-top: 50px !important;padding-bottom: 50px !important;}&#8221;][vc_column][vc_empty_space height=&#8221;50px&#8221;][vc_column_text]<\/p>\n<h2 style=\"text-align: center;\"><span style=\"color: #ffffff;\"><strong><em>Nuestros\u00a0<\/em><\/strong>Locales<\/span><\/h2>\n<p>[\/vc_column_text][vc_empty_space height=&#8221;50px&#8221;][vc_row_inner row_type=&#8221;row&#8221; type=&#8221;full_width&#8221; text_align=&#8221;left&#8221; css_animation=&#8221;&#8221;][vc_column_inner width=&#8221;1\/6&#8243;][vc_column_text]<\/p>\n<h3 style=\"text-align: center;\"><span style=\"color: #ffffff;\"><em>Gral.<\/em>\u00a0Pico<\/span><\/h3>\n<p>[\/vc_column_text][vc_empty_space height=&#8221;12px&#8221;][vc_column_text css=&#8221;.vc_custom_1544730921952{padding-right: 14% !important;padding-left: 14% !important;}&#8221;]<\/p>\n<p style=\"text-align: center;\"><span style=\"color: #ffffff;\">Calle 20 n\u00ba 580, La Pampa<\/span><\/p>\n<p>[\/vc_column_text][\/vc_column_inner][vc_column_inner width=&#8221;1\/6&#8243;][vc_column_text]<\/p>\n<h3 style=\"text-align: center;\"><span style=\"color: #ffffff;\"><em>San<\/em>\u00a0Clemente<\/span><\/h3>\n<p>[\/vc_column_text][vc_empty_space height=&#8221;12px&#8221;][vc_column_text css=&#8221;.vc_custom_1544730995999{padding-right: 14% !important;padding-left: 14% !important;}&#8221;]<\/p>\n<p style=\"text-align: center;\"><span style=\"color: #ffffff;\">Calle 1 n\u00ba 2117, Bs As<\/span><\/p>\n<p>[\/vc_column_text][\/vc_column_inner][vc_column_inner width=&#8221;1\/6&#8243;][vc_column_text]<\/p>\n<h3 style=\"text-align: center;\"><span style=\"color: #ffffff;\"><em>Trenque<\/em>\u00a0Lauquen<\/span><\/h3>\n<p>[\/vc_column_text][vc_empty_space height=&#8221;12px&#8221;][vc_column_text css=&#8221;.vc_custom_1544731043914{padding-right: 14% !important;padding-left: 14% !important;}&#8221;]<\/p>\n<p style=\"text-align: center;\"><span style=\"color: #ffffff;\">Villegas 255, Bs As<\/span><\/p>\n<p>[\/vc_column_text][\/vc_column_inner][vc_column_inner width=&#8221;1\/6&#8243;][vc_column_text]<\/p>\n<h3 style=\"text-align: center;\"><span style=\"color: #ffffff;\"><em>Monte<\/em>\u00a0Hermoso<\/span><\/h3>\n<p>[\/vc_column_text][vc_empty_space height=&#8221;12px&#8221;][vc_column_text css=&#8221;.vc_custom_1544731155223{padding-right: 14% !important;padding-left: 14% !important;}&#8221;]<\/p>\n<p style=\"text-align: center;\"><span style=\"color: #ffffff;\">Peatonal Dorrego y Faro Recalada<\/span><\/p>\n<p>[\/vc_column_text][\/vc_column_inner][vc_column_inner width=&#8221;1\/6&#8243;][vc_column_text]<\/p>\n<h3 style=\"text-align: center;\"><span style=\"color: #ffffff;\"><em>Dulce<\/em>\u00a0Borita<\/span><\/h3>\n<p>[\/vc_column_text][vc_empty_space height=&#8221;12px&#8221;][vc_column_text css=&#8221;.vc_custom_1544732993881{padding-right: 14% !important;padding-left: 14% !important;}&#8221;]<\/p>\n<p style=\"text-align: center;\"><span style=\"color: #ffffff;\">Calle 131 esq 55, Hudson, Bs As<\/span><\/p>\n<p>[\/vc_column_text][\/vc_column_inner][vc_column_inner width=&#8221;1\/6&#8243;][vc_column_text]<\/p>\n<h3 style=\"text-align: center;\"><span style=\"color: #ffffff;\"><em>Am\u00e9rica<\/em>\u00a0<\/span><\/h3>\n<p>[\/vc_column_text][vc_empty_space height=&#8221;12px&#8221;][vc_column_text css=&#8221;.vc_custom_1544731497977{padding-right: 14% !important;padding-left: 14% !important;}&#8221;]<\/p>\n<p style=\"text-align: center;\"><span style=\"color: #ffffff;\">Italia 290, Bs As<\/span><\/p>\n<p>[\/vc_column_text][\/vc_column_inner][\/vc_row_inner][vc_empty_space height=&#8221;50px&#8221;][\/vc_column][\/vc_row][vc_row css_animation=&#8221;&#8221; row_type=&#8221;row&#8221; use_row_as_full_screen_section=&#8221;no&#8221; type=&#8221;full_width&#8221; anchor=&#8221;locales&#8221; angled_section=&#8221;no&#8221; text_align=&#8221;center&#8221; background_image_as_pattern=&#8221;without_pattern&#8221; z_index=&#8221;&#8221;][vc_column width=&#8221;1\/3&#8243;][\/vc_column][vc_column width=&#8221;1\/3&#8243;][vc_empty_space height=&#8221;30px&#8221;][vc_empty_space height=&#8221;29px&#8221;][\/vc_column][vc_column width=&#8221;1\/3&#8243;][\/vc_column][\/vc_row][vc_row css_animation=&#8221;&#8221; row_type=&#8221;row&#8221; use_row_as_full_screen_section=&#8221;no&#8221; type=&#8221;grid&#8221; angled_section=&#8221;no&#8221; text_align=&#8221;center&#8221; background_image_as_pattern=&#8221;without_pattern&#8221; z_index=&#8221;&#8221;][vc_column width=&#8221;1\/3&#8243;][vc_single_image image=&#8221;291&#8243; img_size=&#8221;full&#8221; alignment=&#8221;center&#8221; qode_css_animation=&#8221;&#8221;][vc_empty_space height=&#8221;19px&#8221;][vc_column_text]<\/p>\n<h3><em>Necochea<\/em>\u00a0Centro<\/h3>\n<p>[\/vc_column_text][vc_empty_space height=&#8221;22px&#8221;][vc_column_text css=&#8221;.vc_custom_1544533872476{padding-right: 14% !important;padding-left: 14% !important;}&#8221;]Calle 61 esquina 62, Centro de Necochea[\/vc_column_text][vc_empty_space height=&#8221;50px&#8221;][\/vc_column][vc_column width=&#8221;1\/3&#8243;][vc_single_image image=&#8221;292&#8243; img_size=&#8221;full&#8221; alignment=&#8221;center&#8221; qode_css_animation=&#8221;&#8221;][vc_empty_space height=&#8221;19px&#8221;][vc_column_text]<\/p>\n<h3><i>Necochea\u00a0<\/i>Playa<\/h3>\n<p>[\/vc_column_text][vc_empty_space height=&#8221;22px&#8221;][vc_column_text css=&#8221;.vc_custom_1544533895831{padding-right: 14% !important;padding-left: 14% !important;}&#8221;]Peatonal 83 y calle 4 bis, Playa de Necochea[\/vc_column_text][vc_empty_space height=&#8221;50px&#8221;][\/vc_column][vc_column width=&#8221;1\/3&#8243;][vc_single_image image=&#8221;293&#8243; img_size=&#8221;full&#8221; alignment=&#8221;center&#8221; qode_css_animation=&#8221;&#8221;][vc_empty_space height=&#8221;19px&#8221;][vc_column_text]<\/p>\n<h3><em>\u00c1mpola\u00a0<\/em>Miramar<\/h3>\n<p>[\/vc_column_text][vc_empty_space height=&#8221;22px&#8221;][vc_column_text css=&#8221;.vc_custom_1544533942520{padding-right: 14% !important;padding-left: 14% !important;}&#8221;]Calle 21 N\u00ba 1188, Miramar[\/vc_column_text][vc_empty_space height=&#8221;50px&#8221;][\/vc_column][\/vc_row]<\/p>\n","protected":false},"excerpt":{"rendered":"<p>[vc_row css_animation=&#8221;&#8221; row_type=&#8221;row&#8221; use_row_as_full_screen_section=&#8221;no&#8221; type=&#8221;grid&#8221; angled_section=&#8221;no&#8221; text_align=&#8221;left&#8221; background_image_as_pattern=&#8221;without_pattern&#8221; padding_top=&#8221;88&#8243; padding_bottom=&#8221;70&#8243; z_index=&#8221;&#8221;][vc_column][vc_row_inner row_type=&#8221;row&#8221; type=&#8221;full_width&#8221; text_align=&#8221;center&#8221; css_animation=&#8221;&#8221;][vc_column_inner offset=&#8221;vc_col-lg-6 vc_col-md-6&#8243;][qode_elements_holder number_of_columns=&#8221;one_column&#8221;][qode_elements_holder_item item_padding=&#8221;0 0 0 0&#8243; advanced_animations=&#8221;no&#8221; item_padding_768_1024=&#8221;50px 0 0 0&#8243;][vc_single_image image=&#8221;336&#8243; img_size=&#8221;full&#8221; alignment=&#8221;center&#8221; qode_css_animation=&#8221;&#8221;][\/qode_elements_holder_item][\/qode_elements_holder][\/vc_column_inner][vc_column_inner offset=&#8221;vc_col-lg-6 vc_col-md-6&#8243;][qode_elements_holder number_of_columns=&#8221;one_column&#8221;][qode_elements_holder_item item_padding=&#8221;47px 0 0 0&#8243; advanced_animations=&#8221;no&#8221;][vc_column_text] M\u00e1s de 25 a\u00f1os de calidad&#8230;.<\/p>\n","protected":false},"author":1,"featured_media":0,"parent":0,"menu_order":0,"comment_status":"closed","ping_status":"closed","template":"full_width.php","meta":{"_monsterinsights_skip_tracking":false,"_monsterinsights_sitenote_active":false,"_monsterinsights_sitenote_note":"","_monsterinsights_sitenote_category":0},"_links":{"self":[{"href":"https:\/\/chocolatesampola.com.ar\/index.php\/wp-json\/wp\/v2\/pages\/7"}],"collection":[{"href":"https:\/\/chocolatesampola.com.ar\/index.php\/wp-json\/wp\/v2\/pages"}],"about":[{"href":"https:\/\/chocolatesampola.com.ar\/index.php\/wp-json\/wp\/v2\/types\/page"}],"author":[{"embeddable":true,"href":"https:\/\/chocolatesampola.com.ar\/index.php\/wp-json\/wp\/v2\/users\/1"}],"replies":[{"embeddable":true,"href":"https:\/\/chocolatesampola.com.ar\/index.php\/wp-json\/wp\/v2\/comments?post=7"}],"version-history":[{"count":125,"href":"https:\/\/chocolatesampola.com.ar\/index.php\/wp-json\/wp\/v2\/pages\/7\/revisions"}],"predecessor-version":[{"id":618,"href":"https:\/\/chocolatesampola.com.ar\/index.php\/wp-json\/wp\/v2\/pages\/7\/revisions\/618"}],"wp:attachment":[{"href":"https:\/\/chocolatesampola.com.ar\/index.php\/wp-json\/wp\/v2\/media?parent=7"}],"curies":[{"name":"wp","href":"https:\/\/api.w.org\/{rel}","templated":true}]}}