{"id":607,"date":"2020-04-21T22:06:46","date_gmt":"2020-04-21T22:06:46","guid":{"rendered":"http:\/\/chocolatesampola.com.ar\/?page_id=607"},"modified":"2022-10-04T14:07:20","modified_gmt":"2022-10-04T14:07:20","slug":"pedidos","status":"publish","type":"page","link":"https:\/\/chocolatesampola.com.ar\/","title":{"rendered":"Pedidos"},"content":{"rendered":"<p>[vc_row css_animation=&#8221;&#8221; row_type=&#8221;row&#8221; use_row_as_full_screen_section=&#8221;no&#8221; type=&#8221;full_width&#8221; angled_section=&#8221;no&#8221; text_align=&#8221;left&#8221; background_image_as_pattern=&#8221;without_pattern&#8221;][vc_column]\n\t\t\t<!-- START textras REVOLUTION SLIDER 6.5.31 --><p class=\"rs-p-wp-fix\"><\/p>\n\t\t\t<rs-module-wrap id=\"rev_slider_4_1_wrapper\" data-source=\"gallery\" style=\"visibility:hidden;background:transparent;padding:0;margin:0px auto;margin-top:0;margin-bottom:0;\">\n\t\t\t\t<rs-module id=\"rev_slider_4_1\" style=\"\" data-version=\"6.5.31\">\n\t\t\t\t\t<rs-slides>\n\t\t\t\t\t\t<rs-slide style=\"position: absolute;\" data-key=\"rs-7\" data-title=\"Slide\" data-in=\"o:0;\" data-out=\"a:false;\">\n\t\t\t\t\t\t\t<img src=\"\/\/chocolatesampola.com.ar\/wp-content\/plugins\/revslider\/public\/assets\/assets\/dummy.png\" alt=\"\" title=\"Pedidos\" class=\"rev-slidebg tp-rs-img rs-lazyload\" data-lazyload=\"\/\/img.youtube.com\/vi\/iaYI7fTG20s\/sddefault.jpg\" data-no-retina>\n\t\t\t\t\t\t\t<rs-bgvideo \n\t\t\t\t\t\t\t\tdata-video=\"vc:none;w:100%;h:100%;nse:false;l:true;ptimer:false;\"\n\t\t\t\t\t\t\t\tdata-ytid=\"3ftF43VCD-E\"\n\t\t\t\t\t\t\t\tdata-vatr=\"version=3&amp;enablejsapi=1&amp;html5=1&amp;hd=1&amp;wmode=opaque&amp;showinfo=0&amp;rel=0&amp;origin=https:\/\/chocolatesampola.com.ar;\"\n\t\t\t\t\t\t\t><\/rs-bgvideo>\n<!---->\t\t\t\t\t\t<\/rs-slide>\n\t\t\t\t\t<\/rs-slides>\n\t\t\t\t<\/rs-module>\n\t\t\t\t<script>\n\t\t\t\t\tsetREVStartSize({c: 'rev_slider_4_1',rl:[1240,1024,778,480],el:[1080],gw:[1920],gh:[1080],type:'standard',justify:'',layout:'fullwidth',mh:\"0\"});if (window.RS_MODULES!==undefined && window.RS_MODULES.modules!==undefined && window.RS_MODULES.modules[\"revslider41\"]!==undefined) {window.RS_MODULES.modules[\"revslider41\"].once = false;window.revapi4 = undefined;if (window.RS_MODULES.checkMinimal!==undefined) window.RS_MODULES.checkMinimal()}\n\t\t\t\t<\/script>\n\t\t\t\t<script src=\"https:\/\/www.youtube.com\/iframe_api\"><\/script>\n\t\t\t<\/rs-module-wrap>\n\t\t\t<!-- END REVOLUTION SLIDER -->\n[\/vc_column][\/vc_row][vc_row css_animation=&#8221;&#8221; row_type=&#8221;row&#8221; use_row_as_full_screen_section=&#8221;no&#8221; type=&#8221;grid&#8221; angled_section=&#8221;no&#8221; text_align=&#8221;center&#8221; background_image_as_pattern=&#8221;without_pattern&#8221; z_index=&#8221;&#8221; css=&#8221;.vc_custom_1663859887393{background-color: #dd3333 !important;}&#8221;][vc_column][vc_empty_space][vc_column_text]<\/p>\n<h2 style=\"text-align: center;\"><span style=\"color: #ffffff;\">Disfrut\u00e1 los mejores chocolates sin moverte de tu casa<\/span><\/h2>\n<p>[\/vc_column_text][vc_empty_space][vc_row_inner row_type=&#8221;row&#8221; type=&#8221;full_width&#8221; text_align=&#8221;center&#8221; css_animation=&#8221;&#8221;][vc_column_inner width=&#8221;1\/3&#8243;][vc_empty_space][vc_column_text]<\/p>\n<h3 style=\"text-align: center;\"><span style=\"color: #ffffff;\">Hac\u00e9 tu pedido o env\u00edale Chocolates a tus seres queridos por WhatsApp, sin moverte de tu casa.<\/span><\/h3>\n<h3 style=\"text-align: center;\"><\/h3>\n<h3 style=\"text-align: center;\"><\/h3>\n<p style=\"text-align: center;\"><span style=\"color: #ffffff;\"><em><strong>Los repartos se realizan a partir de las 17 hs.<\/strong><\/em><\/span><\/p>\n<p>[\/vc_column_text][vc_empty_space][\/vc_column_inner][vc_column_inner width=&#8221;1\/3&#8243;][vc_empty_space][vc_column_text]<\/p>\n<h2 style=\"text-align: center;\"><span style=\"color: #ffffff;\">Necochea<\/span><\/h2>\n<h4 style=\"text-align: center;\"><span style=\"color: #ffffff;\">Llamanos al 15553099 o al 439574 y disfrut\u00e1 el mejor chocolate en casa.<\/span><\/h4>\n<h4 style=\"text-align: center;\"><span style=\"color: #ffffff;\">\u00c1mpola centro:\u00a01555-3071 o al 43-7740<\/span><\/h4>\n<p>[\/vc_column_text][vc_empty_space]<a  itemprop=\"url\" href=\"https:\/\/api.whatsapp.com\/send?phone=549226 2553099&amp;text=Quiero%20hacer%20un%20pedido%20de%20chocolates\" target=\"_self\" data-hover-background-color=#b55329  class=\"qbutton  small center default\" style=\"color: #ffffff; border-color: #ffffff; background-color: #dd3333;\">Hacer pedido en Necochea<i class=\"qode_icon_font_awesome fa fa-whatsapp qode_button_icon_element\" style=\"color: #ffffff;\" ><\/i><\/a>[vc_empty_space][\/vc_column_inner][vc_column_inner width=&#8221;1\/3&#8243;][vc_empty_space][vc_column_text]<\/p>\n<h2 style=\"text-align: center;\"><span style=\"color: #ffffff;\">Miramar<\/span><\/h2>\n<h4 style=\"text-align: center;\"><span style=\"color: #ffffff;\">Llamanos al 15 570200 o al fijo: 42-3146 y disfrut\u00e1 el mejor chocolate en casa.<\/span><\/h4>\n<p>[\/vc_column_text][vc_empty_space]<a  itemprop=\"url\" href=\"https:\/\/api.whatsapp.com\/send?phone=5492291570200&amp;text=Quiero%20hacer%20un%20pedido%20de%20chocolates\" target=\"_self\" data-hover-background-color=#b55329  class=\"qbutton  small center default\" style=\"color: #ffffff; border-color: #ffffff; background-color: #dd3333;\">Hacer pedido en Miramar<i class=\"qode_icon_font_awesome fa fa-whatsapp qode_button_icon_element\" style=\"color: #ffffff;\" ><\/i><\/a>[vc_empty_space][\/vc_column_inner][\/vc_row_inner][\/vc_column][\/vc_row][vc_row css_animation=&#8221;&#8221; row_type=&#8221;row&#8221; use_row_as_full_screen_section=&#8221;no&#8221; type=&#8221;grid&#8221; angled_section=&#8221;no&#8221; text_align=&#8221;center&#8221; background_image_as_pattern=&#8221;without_pattern&#8221; z_index=&#8221;&#8221;][vc_column][vc_empty_space][vc_column_text]<\/p>\n<h2 style=\"text-align: center;\"><span style=\"color: #ff0000;\">Disfrut\u00e1 el m\u00e1s delicioso chocolate genuino<\/span><\/h2>\n<p>[\/vc_column_text][vc_empty_space height=&#8221;22px&#8221;][vc_column_text]<\/p>\n<p style=\"text-align: center;\">En nuestras recetas utilizamos chocolate obtenido a partir de granos de cacao de primera calidad, procedente de pa\u00edses cultivadores de cacao fino. Seleccionamos cuidadosamente las materias primas que lo acompa\u00f1an, efectuamos un riguroso control de calidad para finalmente lograr un producto reconocido por los m\u00e1s exigentes consumidores.<\/p>\n<p>[\/vc_column_text][vc_empty_space][\/vc_column][\/vc_row][vc_row css_animation=&#8221;&#8221; row_type=&#8221;row&#8221; use_row_as_full_screen_section=&#8221;no&#8221; type=&#8221;grid&#8221; angled_section=&#8221;no&#8221; text_align=&#8221;center&#8221; background_image_as_pattern=&#8221;without_pattern&#8221; padding_bottom=&#8221;50&#8243; z_index=&#8221;&#8221; css=&#8221;.vc_custom_1663882052777{background-color: #fbf4ec !important;}&#8221;][vc_column width=&#8221;1\/5&#8243;][vc_empty_space][vc_single_image image=&#8221;582&#8243; img_size=&#8221;350&#215;350&#8243; alignment=&#8221;center&#8221; qode_css_animation=&#8221;&#8221;][vc_empty_space height=&#8221;11px&#8221;][vc_column_text]<\/p>\n<h3 style=\"text-align: center;\"><b><i>Alfajores y\u00a0<\/i><\/b>Pinitos<\/h3>\n<p>[\/vc_column_text][vc_empty_space height=&#8221;11px&#8221;][vc_column_text]<\/p>\n<p style=\"text-align: center;\">Cubiertos con chocolates genuinos. Sin aditivos ni conservantes. Sabor incomparable.<\/p>\n<p>[\/vc_column_text][vc_empty_space]<a  itemprop=\"url\" href=\"http:\/\/chocolatesampola.com.ar\/index.php\/alfajores-y-pinitos\/\" target=\"_self\" data-hover-background-color=#ffffff data-hover-border-color=#000000  class=\"qbutton  medium center default\" style=\"color: #dd3333; border-color: #dd3333; background-color: #ffffff;\">Ver m\u00e1s<\/a>[\/vc_column][vc_column width=&#8221;1\/5&#8243;][vc_empty_space][vc_single_image image=&#8221;561&#8243; img_size=&#8221;350&#215;350&#8243; alignment=&#8221;center&#8221; qode_css_animation=&#8221;&#8221;][vc_empty_space height=&#8221;11px&#8221;][vc_column_text]<\/p>\n<h3 style=\"text-align: center;\"><b><i>Bomboner\u00eda <\/i><\/b>Fina<\/h3>\n<p>[\/vc_column_text][vc_empty_space height=&#8221;11px&#8221;][vc_column_text]<\/p>\n<p style=\"text-align: center;\">L\u00ednea exclusiva de bombones elaborados sobre molder\u00eda de policarbonato italiana.<\/p>\n<p>[\/vc_column_text][vc_empty_space]<a  itemprop=\"url\" href=\"http:\/\/chocolatesampola.com.ar\/index.php\/bomboneria\/\" target=\"_self\" data-hover-background-color=#ffffff data-hover-border-color=#000000  class=\"qbutton  medium center default\" style=\"color: #dd3333; border-color: #dd3333; background-color: #ffffff;\">Ver m\u00e1s<\/a>[vc_empty_space height=&#8221;120px&#8221;][\/vc_column][vc_column width=&#8221;1\/5&#8243;][vc_empty_space][vc_single_image image=&#8221;584&#8243; img_size=&#8221;350&#215;350&#8243; alignment=&#8221;center&#8221; qode_css_animation=&#8221;&#8221;][vc_empty_space height=&#8221;11px&#8221;][vc_column_text]<\/p>\n<h3 style=\"text-align: center;\"><b><i>Productos <\/i><\/b>Especiales<\/h3>\n<p>[\/vc_column_text][vc_empty_space height=&#8221;11px&#8221;][vc_column_text]<\/p>\n<p style=\"text-align: center;\">Exquisitos chocolates artesanales genuinos. Con frutos y formas variadas.<\/p>\n<p>[\/vc_column_text][vc_empty_space]<a  itemprop=\"url\" href=\"http:\/\/chocolatesampola.com.ar\/index.php\/especialidades\/\" target=\"_self\" data-hover-background-color=#ffffff data-hover-border-color=#000000  class=\"qbutton  medium center default\" style=\"color: #dd3333; border-color: #dd3333; background-color: #ffffff;\">Ver m\u00e1s<\/a>[vc_empty_space][\/vc_column][vc_column width=&#8221;1\/5&#8243;][vc_empty_space][vc_single_image image=&#8221;262&#8243; img_size=&#8221;350&#215;350&#8243; alignment=&#8221;center&#8221; qode_css_animation=&#8221;&#8221;][vc_empty_space height=&#8221;11px&#8221;][vc_column_text]<\/p>\n<h3 style=\"text-align: center;\"><b><i>Chocolate <\/i><\/b>Artesanal<\/h3>\n<p>[\/vc_column_text][vc_column_text]<\/p>\n<p style=\"text-align: center;\">Medallones de chocolate s\u00f3lido, hechos a mano con variadas formas.<\/p>\n<p>[\/vc_column_text][vc_empty_space]<a  itemprop=\"url\" href=\"http:\/\/chocolatesampola.com.ar\/index.php\/chocolate\/\" target=\"_self\" data-hover-background-color=#ffffff data-hover-border-color=#000000  class=\"qbutton  medium center default\" style=\"color: #dd3333; border-color: #dd3333; background-color: #ffffff;\">Ver m\u00e1s<\/a>[vc_empty_space][\/vc_column][vc_column width=&#8221;1\/5&#8243;][vc_empty_space][vc_single_image image=&#8221;640&#8243; img_size=&#8221;350&#215;350&#8243; alignment=&#8221;center&#8221; qode_css_animation=&#8221;&#8221;][vc_empty_space height=&#8221;11px&#8221;][vc_column_text]<\/p>\n<h3 style=\"text-align: center;\"><b><i>Huevos\u00a0<\/i><\/b>de Pascua<\/h3>\n<p>[\/vc_column_text][vc_empty_space height=&#8221;11px&#8221;][vc_column_text]<\/p>\n<p style=\"text-align: center;\">Elaborados artesanalmente. Decorados totalmente con chocolate\u00a0genuinos<\/p>\n<p>[\/vc_column_text][vc_empty_space]<a  itemprop=\"url\" href=\"http:\/\/chocolatesampola.com.ar\/index.php\/huevos\/\" target=\"_self\" data-hover-background-color=#ffffff data-hover-border-color=#000000  class=\"qbutton  medium center default\" style=\"color: #dd3333; border-color: #dd3333; background-color: #ffffff;\">Ver m\u00e1s<\/a>[vc_empty_space][\/vc_column][\/vc_row]<\/p>\n","protected":false},"excerpt":{"rendered":"<p>[vc_row css_animation=&#8221;&#8221; row_type=&#8221;row&#8221; use_row_as_full_screen_section=&#8221;no&#8221; type=&#8221;full_width&#8221; angled_section=&#8221;no&#8221; text_align=&#8221;left&#8221; background_image_as_pattern=&#8221;without_pattern&#8221;][vc_column][\/vc_column][\/vc_row][vc_row css_animation=&#8221;&#8221; row_type=&#8221;row&#8221; use_row_as_full_screen_section=&#8221;no&#8221; type=&#8221;grid&#8221; angled_section=&#8221;no&#8221; text_align=&#8221;center&#8221; background_image_as_pattern=&#8221;without_pattern&#8221; z_index=&#8221;&#8221; css=&#8221;.vc_custom_1663859887393{background-color: #dd3333 !important;}&#8221;][vc_column][vc_empty_space][vc_column_text] Disfrut\u00e1 los mejores chocolates sin moverte de tu casa [\/vc_column_text][vc_empty_space][vc_row_inner row_type=&#8221;row&#8221; type=&#8221;full_width&#8221; text_align=&#8221;center&#8221; css_animation=&#8221;&#8221;][vc_column_inner width=&#8221;1\/3&#8243;][vc_empty_space][vc_column_text] Hac\u00e9 tu pedido o env\u00edale Chocolates a tus seres queridos por&#8230;<\/p>\n","protected":false},"author":1,"featured_media":0,"parent":0,"menu_order":0,"comment_status":"closed","ping_status":"closed","template":"full_width.php","meta":{"_monsterinsights_skip_tracking":false,"_monsterinsights_sitenote_active":false,"_monsterinsights_sitenote_note":"","_monsterinsights_sitenote_category":0},"_links":{"self":[{"href":"https:\/\/chocolatesampola.com.ar\/index.php\/wp-json\/wp\/v2\/pages\/607"}],"collection":[{"href":"https:\/\/chocolatesampola.com.ar\/index.php\/wp-json\/wp\/v2\/pages"}],"about":[{"href":"https:\/\/chocolatesampola.com.ar\/index.php\/wp-json\/wp\/v2\/types\/page"}],"author":[{"embeddable":true,"href":"https:\/\/chocolatesampola.com.ar\/index.php\/wp-json\/wp\/v2\/users\/1"}],"replies":[{"embeddable":true,"href":"https:\/\/chocolatesampola.com.ar\/index.php\/wp-json\/wp\/v2\/comments?post=607"}],"version-history":[{"count":23,"href":"https:\/\/chocolatesampola.com.ar\/index.php\/wp-json\/wp\/v2\/pages\/607\/revisions"}],"predecessor-version":[{"id":699,"href":"https:\/\/chocolatesampola.com.ar\/index.php\/wp-json\/wp\/v2\/pages\/607\/revisions\/699"}],"wp:attachment":[{"href":"https:\/\/chocolatesampola.com.ar\/index.php\/wp-json\/wp\/v2\/media?parent=607"}],"curies":[{"name":"wp","href":"https:\/\/api.w.org\/{rel}","templated":true}]}}